{"id":1618,"date":"2023-03-13T01:26:16","date_gmt":"2023-03-13T00:26:16","guid":{"rendered":"https:\/\/ptasiazatoka.gogler.info\/domek-perkoz\/"},"modified":"2023-04-21T14:02:42","modified_gmt":"2023-04-21T12:02:42","slug":"stugor-dopping","status":"publish","type":"page","link":"https:\/\/ptasiazatoka.gogler.info\/sv\/stugor-dopping\/","title":{"rendered":"Stugor Dopping"},"content":{"rendered":"<section class=\"l-section wpb_row us_custom_a0b2d33b height_auto\"><div class=\"l-section-h i-cf\"><div class=\"g-cols vc_row via_flex valign_middle type_default stacking_default\"><div class=\"vc_col-sm-12 wpb_column vc_column_container\"><div class=\"vc_column-inner us_custom_3d728d4b\"><div class=\"wpb_wrapper\"><h1 class=\"w-post-elm post_title us_custom_8b3d6790 has_text_color entry-title color_link_inherit\">Stugor Dopping<\/h1><\/div><\/div><\/div><\/div><\/div><\/section><section class=\"l-section wpb_row height_medium\"><div class=\"l-section-h i-cf\"><div class=\"g-cols vc_row via_flex valign_top type_default stacking_default\"><div class=\"vc_col-sm-12 wpb_column vc_column_container\"><div class=\"vc_column-inner\"><div class=\"wpb_wrapper\"><div class=\"w-post-elm post_image us_custom_dad4fece has_ratio\"><div style=\"padding-bottom:56.25%\"><\/div><img decoding=\"async\" width=\"600\" height=\"600\" src=\"https:\/\/ptasiazatoka.gogler.info\/wp-content\/uploads\/2023\/12\/domek_2.webp\" class=\"attachment-full size-full wp-post-image\" alt=\"\" srcset=\"https:\/\/ptasiazatoka.gogler.info\/wp-content\/uploads\/2023\/12\/domek_2.webp 600w, https:\/\/ptasiazatoka.gogler.info\/wp-content\/uploads\/2023\/12\/domek_2-300x300.webp 300w, https:\/\/ptasiazatoka.gogler.info\/wp-content\/uploads\/2023\/12\/domek_2-150x150.webp 150w\" sizes=\"(max-width: 600px) 100vw, 600px\" \/><\/div><div class=\"w-separator size_small\"><\/div><div class=\"w-grid type_carousel layout_78 cols_5\" id=\"us_grid_1\"><style>#us_grid_1 .w-grid-item{padding:12.5px}#us_grid_1 .w-grid-list{margin:-12.5px}.w-grid + #us_grid_1 .w-grid-list,.w-grid-none + #us_grid_1 .w-grid-list{margin-top:12.5px}.layout_78 .w-grid-item-h{}.layout_78 .usg_post_image_1{border-radius:8px!important}<\/style><div class=\"w-grid-list owl-carousel navstyle_circle navpos_outside\">\t<article class=\"w-grid-item post-880 attachment type-attachment status-inherit hentry\" data-id=\"880\">\r\n\t\t<div class=\"w-grid-item-h\">\r\n\t\t\t\t\t\t\t<a class=\"w-grid-item-anchor\" href=\"https:\/\/ptasiazatoka.gogler.info\/wp-content\/uploads\/2023\/03\/perkoz-5.jpg\" ref=\"magnificPopupGrid\" title=\"perkoz-5\"><\/a>\r\n\t\t\t\t\t\t<div class=\"w-post-elm post_image usg_post_image_1 has_ratio\"><div style=\"padding-bottom:66.6667%\"><\/div><a href=\"https:\/\/ptasiazatoka.gogler.info\/wp-content\/uploads\/2023\/03\/perkoz-5.jpg\" ref=\"magnificPopup\" aria-label=\"perkoz-5\"><img decoding=\"async\" width=\"1024\" height=\"768\" src=\"https:\/\/ptasiazatoka.gogler.info\/wp-content\/uploads\/2023\/03\/perkoz-5-1024x768.jpg\" class=\"attachment-large size-large\" alt=\"\" srcset=\"https:\/\/ptasiazatoka.gogler.info\/wp-content\/uploads\/2023\/03\/perkoz-5-1024x768.jpg 1024w, https:\/\/ptasiazatoka.gogler.info\/wp-content\/uploads\/2023\/03\/perkoz-5-300x225.jpg 300w, https:\/\/ptasiazatoka.gogler.info\/wp-content\/uploads\/2023\/03\/perkoz-5.jpg 1200w\" sizes=\"(max-width: 1024px) 100vw, 1024px\" \/><\/a><\/div>\t\t<\/div>\r\n\t<\/article>\r\n\t<article class=\"w-grid-item post-876 attachment type-attachment status-inherit hentry\" data-id=\"876\">\r\n\t\t<div class=\"w-grid-item-h\">\r\n\t\t\t\t\t\t\t<a class=\"w-grid-item-anchor\" href=\"https:\/\/ptasiazatoka.gogler.info\/wp-content\/uploads\/2023\/03\/perkoz-4.jpg\" ref=\"magnificPopupGrid\" title=\"perkoz-4\"><\/a>\r\n\t\t\t\t\t\t<div class=\"w-post-elm post_image usg_post_image_1 has_ratio\"><div style=\"padding-bottom:66.6667%\"><\/div><a href=\"https:\/\/ptasiazatoka.gogler.info\/wp-content\/uploads\/2023\/03\/perkoz-4.jpg\" ref=\"magnificPopup\" aria-label=\"perkoz-4\"><img decoding=\"async\" width=\"768\" height=\"1024\" src=\"https:\/\/ptasiazatoka.gogler.info\/wp-content\/uploads\/2023\/03\/perkoz-4-768x1024.jpg\" class=\"attachment-large size-large\" alt=\"\" srcset=\"https:\/\/ptasiazatoka.gogler.info\/wp-content\/uploads\/2023\/03\/perkoz-4-768x1024.jpg 768w, https:\/\/ptasiazatoka.gogler.info\/wp-content\/uploads\/2023\/03\/perkoz-4-225x300.jpg 225w, https:\/\/ptasiazatoka.gogler.info\/wp-content\/uploads\/2023\/03\/perkoz-4.jpg 900w\" sizes=\"(max-width: 768px) 100vw, 768px\" \/><\/a><\/div>\t\t<\/div>\r\n\t<\/article>\r\n\t<article class=\"w-grid-item post-872 attachment type-attachment status-inherit hentry\" data-id=\"872\">\r\n\t\t<div class=\"w-grid-item-h\">\r\n\t\t\t\t\t\t\t<a class=\"w-grid-item-anchor\" href=\"https:\/\/ptasiazatoka.gogler.info\/wp-content\/uploads\/2023\/03\/perkoz-3.jpg\" ref=\"magnificPopupGrid\" title=\"perkoz-3\"><\/a>\r\n\t\t\t\t\t\t<div class=\"w-post-elm post_image usg_post_image_1 has_ratio\"><div style=\"padding-bottom:66.6667%\"><\/div><a href=\"https:\/\/ptasiazatoka.gogler.info\/wp-content\/uploads\/2023\/03\/perkoz-3.jpg\" ref=\"magnificPopup\" aria-label=\"perkoz-3\"><img decoding=\"async\" width=\"1024\" height=\"768\" src=\"https:\/\/ptasiazatoka.gogler.info\/wp-content\/uploads\/2023\/03\/perkoz-3-1024x768.jpg\" class=\"attachment-large size-large\" alt=\"\" srcset=\"https:\/\/ptasiazatoka.gogler.info\/wp-content\/uploads\/2023\/03\/perkoz-3-1024x768.jpg 1024w, https:\/\/ptasiazatoka.gogler.info\/wp-content\/uploads\/2023\/03\/perkoz-3-300x225.jpg 300w, https:\/\/ptasiazatoka.gogler.info\/wp-content\/uploads\/2023\/03\/perkoz-3.jpg 1200w\" sizes=\"(max-width: 1024px) 100vw, 1024px\" \/><\/a><\/div>\t\t<\/div>\r\n\t<\/article>\r\n\t<article class=\"w-grid-item post-868 attachment type-attachment status-inherit hentry\" data-id=\"868\">\r\n\t\t<div class=\"w-grid-item-h\">\r\n\t\t\t\t\t\t\t<a class=\"w-grid-item-anchor\" href=\"https:\/\/ptasiazatoka.gogler.info\/wp-content\/uploads\/2023\/03\/perkoz-2.jpg\" ref=\"magnificPopupGrid\" title=\"perkoz-2\"><\/a>\r\n\t\t\t\t\t\t<div class=\"w-post-elm post_image usg_post_image_1 has_ratio\"><div style=\"padding-bottom:66.6667%\"><\/div><a href=\"https:\/\/ptasiazatoka.gogler.info\/wp-content\/uploads\/2023\/03\/perkoz-2.jpg\" ref=\"magnificPopup\" aria-label=\"perkoz-2\"><img decoding=\"async\" width=\"1024\" height=\"768\" src=\"https:\/\/ptasiazatoka.gogler.info\/wp-content\/uploads\/2023\/03\/perkoz-2-1024x768.jpg\" class=\"attachment-large size-large\" alt=\"\" srcset=\"https:\/\/ptasiazatoka.gogler.info\/wp-content\/uploads\/2023\/03\/perkoz-2-1024x768.jpg 1024w, https:\/\/ptasiazatoka.gogler.info\/wp-content\/uploads\/2023\/03\/perkoz-2-300x225.jpg 300w, https:\/\/ptasiazatoka.gogler.info\/wp-content\/uploads\/2023\/03\/perkoz-2.jpg 1200w\" sizes=\"(max-width: 1024px) 100vw, 1024px\" \/><\/a><\/div>\t\t<\/div>\r\n\t<\/article>\r\n\t<article class=\"w-grid-item post-864 attachment type-attachment status-inherit hentry\" data-id=\"864\">\r\n\t\t<div class=\"w-grid-item-h\">\r\n\t\t\t\t\t\t\t<a class=\"w-grid-item-anchor\" href=\"https:\/\/ptasiazatoka.gogler.info\/wp-content\/uploads\/2023\/03\/perkoz-1.jpg\" ref=\"magnificPopupGrid\" title=\"perkoz-1\"><\/a>\r\n\t\t\t\t\t\t<div class=\"w-post-elm post_image usg_post_image_1 has_ratio\"><div style=\"padding-bottom:66.6667%\"><\/div><a href=\"https:\/\/ptasiazatoka.gogler.info\/wp-content\/uploads\/2023\/03\/perkoz-1.jpg\" ref=\"magnificPopup\" aria-label=\"perkoz-1\"><img decoding=\"async\" width=\"1024\" height=\"768\" src=\"https:\/\/ptasiazatoka.gogler.info\/wp-content\/uploads\/2023\/03\/perkoz-1-1024x768.jpg\" class=\"attachment-large size-large\" alt=\"\" srcset=\"https:\/\/ptasiazatoka.gogler.info\/wp-content\/uploads\/2023\/03\/perkoz-1-1024x768.jpg 1024w, https:\/\/ptasiazatoka.gogler.info\/wp-content\/uploads\/2023\/03\/perkoz-1-300x225.jpg 300w, https:\/\/ptasiazatoka.gogler.info\/wp-content\/uploads\/2023\/03\/perkoz-1.jpg 1200w\" sizes=\"(max-width: 1024px) 100vw, 1024px\" \/><\/a><\/div>\t\t<\/div>\r\n\t<\/article>\r\n<\/div><div class=\"g-preloader type_1\">\r\n\t<div><\/div>\r\n<\/div>\r\n\t<div class=\"w-grid-json hidden\" onclick='return {&quot;action&quot;:&quot;us_ajax_grid&quot;,&quot;ajax_url&quot;:&quot;https:\\\/\\\/ptasiazatoka.gogler.info\\\/wp-admin\\\/admin-ajax.php&quot;,&quot;infinite_scroll&quot;:0,&quot;max_num_pages&quot;:1,&quot;pagination&quot;:&quot;none&quot;,&quot;permalink_url&quot;:&quot;https:\\\/\\\/ptasiazatoka.gogler.info\\\/sv\\\/wp-json\\\/wp\\\/v2\\\/pages\\\/1618\\\/&quot;,&quot;template_vars&quot;:{&quot;columns&quot;:&quot;5&quot;,&quot;exclude_items&quot;:&quot;none&quot;,&quot;img_size&quot;:&quot;default&quot;,&quot;ignore_items_size&quot;:0,&quot;items_layout&quot;:&quot;78&quot;,&quot;items_offset&quot;:&quot;1&quot;,&quot;load_animation&quot;:&quot;none&quot;,&quot;overriding_link&quot;:&quot;popup_post_image&quot;,&quot;post_id&quot;:1618,&quot;query_args&quot;:{&quot;post_type&quot;:[&quot;attachment&quot;],&quot;post__in&quot;:[&quot;861&quot;,&quot;865&quot;,&quot;869&quot;,&quot;873&quot;,&quot;877&quot;],&quot;post_status&quot;:&quot;inherit&quot;,&quot;post_mime_type&quot;:&quot;image&quot;,&quot;posts_per_page&quot;:&quot;5&quot;},&quot;orderby_query_args&quot;:{&quot;orderby&quot;:{&quot;date&quot;:&quot;DESC&quot;}},&quot;type&quot;:&quot;carousel&quot;,&quot;us_grid_ajax_index&quot;:1,&quot;us_grid_filter_params&quot;:null,&quot;us_grid_index&quot;:1,&quot;_us_grid_post_type&quot;:&quot;attachment&quot;,&quot;lang&quot;:&quot;sv&quot;},&quot;carousel_settings&quot;:{&quot;autoHeight&quot;:0,&quot;autoplay&quot;:0,&quot;carousel_fade&quot;:0,&quot;center&quot;:0,&quot;dots&quot;:0,&quot;items&quot;:&quot;5&quot;,&quot;loop&quot;:false,&quot;nav&quot;:0,&quot;slideby&quot;:&quot;1&quot;,&quot;smooth_play&quot;:0,&quot;speed&quot;:250,&quot;timeout&quot;:3000,&quot;transition&quot;:&quot;&quot;},&quot;carousel_breakpoints&quot;:{&quot;0&quot;:{&quot;autoHeight&quot;:0,&quot;autoplay&quot;:1,&quot;autoplayHoverPause&quot;:1,&quot;items&quot;:2,&quot;loop&quot;:false,&quot;stagePadding&quot;:0},&quot;600&quot;:{&quot;autoHeight&quot;:0,&quot;autoplay&quot;:1,&quot;autoplayHoverPause&quot;:1,&quot;items&quot;:2,&quot;loop&quot;:false,&quot;stagePadding&quot;:0},&quot;900&quot;:{&quot;autoHeight&quot;:0,&quot;autoplay&quot;:1,&quot;autoplayHoverPause&quot;:1,&quot;items&quot;:3,&quot;loop&quot;:false,&quot;stagePadding&quot;:0},&quot;1200&quot;:{&quot;items&quot;:5,&quot;stagePadding&quot;:0}}}'><\/div>\r\n\t<\/div><div class=\"w-separator size_medium\"><\/div><div class=\"g-cols wpb_row copy via_flex valign_top type_default reversed stacking_default\"><div class=\"vc_col-sm-12 vc_col-md-3 wpb_column vc_column_container\"><div class=\"vc_column-inner\"><div class=\"wpb_wrapper\"><div class=\"w-vwrapper align_none valign_middle\"><div class=\"wpb_text_column\"><div class=\"wpb_wrapper\"><h2>Tillg\u00e4nglighet<\/h2>\n<\/div><\/div>[vc_raw_html]JTVCbXBoYl9hdmFpbGFiaWxpdHlfY2FsZW5kYXIlMjBpZCUzRCUyMjE2MDMlMjIlMjBtb250aHN0b3Nob3clM0QlMjIxJTIyJTVE[\/vc_raw_html][vc_raw_html el_id=&#8221;rezerwacja&#8221;]JTVCbXBoYl9hdmFpbGFiaWxpdHklMjBpZCUzRCUyMjE2MDMlMjIlNUQ=[\/vc_raw_html]<\/div><\/div><\/div><\/div><div class=\"vc_col-sm-12 vc_col-md-9 wpb_column vc_column_container\"><div class=\"vc_column-inner\"><div class=\"wpb_wrapper\"><div class=\"wpb_text_column\"><div class=\"wpb_wrapper\"><h2>Information<\/h2>\n<p><strong>Antal g\u00e4ster:<\/strong> Antal g\u00e4ster: 4 personer, extras\u00e4ng f\u00f6r ytterligare en person m\u00f6jlig p\u00e5 beg\u00e4ran. V\u00e4nligen informera oss om extras\u00e4ngen i f\u00e4ltet Kommentarer p\u00e5 formul\u00e4ret n\u00e4r du bokar stugan.<\/p>\n<p>Fastigheten \u00e4r \u00f6vervakad, st\u00e4ngd och skyddad.<\/p>\n<h2>Utrustning<\/h2>\n<p><strong>Prater:<\/strong> dubbels\u00e4ng\/soffa &#8211; 2-sits, bord, byr\u00e5, v\u00e4rmare, TV, f\u00e5t\u00f6lj<br \/>\n<strong>K\u00f6k:<\/strong> vattenkokare, induktionsh\u00e4ll, kylsk\u00e5p, porslin, porslin, bestick, barstolar, mikrov\u00e5gsugn, kaffe\/tebryggare<br \/>\n<strong>Badrum:<\/strong> Dusch, regndusch, toalett, handfat, handdukar, handgel, v\u00e4rmare, spegel, h\u00e5rtork.<br \/>\n<strong>Mezzanine:<\/strong> 2 s\u00e4ngar 90\/200 cm, garderob, sk\u00e5p, skrivbord, stol, f\u00e5t\u00f6lj, luftkonditionering.<br \/>\n<strong>T\u00e4ckt terrass:<\/strong> solstolar x 2, grill med insats (briketter, ved), bord med terrassstolar.<\/p>\n<h2>Faciliteter och sev\u00e4rdheter<\/h2>\n<p><strong>Till ditt f\u00f6rfogande:<\/strong> Utfodringsstol<br \/>\n<strong>Till g\u00e4sternas f\u00f6rfogande:<\/strong> bastu p\u00e5 vattnet, jacuzzi med hydromassage \u00e5ret runt, brygga vid den vita sj\u00f6n med sandstrand och lugn nedg\u00e5ng, plats f\u00f6r eldning med eldstad med b\u00e4nkar, pinnar och ved.<\/p>\n<\/div><\/div><div class=\"wpb_text_column us_custom_2c3585a6\"><div class=\"wpb_wrapper\"><p>Stanna 7 n\u00e4tter hos oss och f\u00e5 5 % rabatt p\u00e5 hela vistelsen.<\/p>\n<\/div><\/div>[vc_raw_html]JTVCbXBoYl9yb29tJTIwaWQlM0QlMjIxNjAzJTIyJTIwdGl0bGUlM0QlMjJmYWxzZSUyMiUyMGZlYXR1cmVkX2ltYWdlJTNEJTIyZmFsc2UlMjIlMjBleGNlcnB0JTNEJTIyZmFsc2UlMjIlMjBnYWxsZXJ5JTIwJTNEJTIyZmFsc2UlMjIlMjBwcmljZSUzRCUyMnRydWUlMjIlMjBkZXRhaWxzJTNEJTIyZmFsc2UlMjIlMjB2aWV3X2J1dHRvbiUzRCUyMmZhbHNlJTIyJTIwYm9va19idXR0b24lM0QlMjJmYWxzZSUyMiU1RA==[\/vc_raw_html]<div class=\"w-btn-wrapper align_none hide_on_default hide_on_laptops\"><a class=\"w-btn us-btn-style_1 us_custom_d4d74515\" href=\"#rezerwacja\"><span class=\"w-btn-label\">Bok<\/span><\/a><\/div><\/div><\/div><\/div><\/div><\/div><\/div><\/div><\/div><\/div><\/section>\n","protected":false},"excerpt":{"rendered":"","protected":false},"author":1,"featured_media":2008,"parent":0,"menu_order":0,"comment_status":"closed","ping_status":"closed","template":"","meta":{"_acf_changed":false,"footnotes":""},"acf":[],"_links":{"self":[{"href":"https:\/\/ptasiazatoka.gogler.info\/sv\/wp-json\/wp\/v2\/pages\/1618"}],"collection":[{"href":"https:\/\/ptasiazatoka.gogler.info\/sv\/wp-json\/wp\/v2\/pages"}],"about":[{"href":"https:\/\/ptasiazatoka.gogler.info\/sv\/wp-json\/wp\/v2\/types\/page"}],"author":[{"embeddable":true,"href":"https:\/\/ptasiazatoka.gogler.info\/sv\/wp-json\/wp\/v2\/users\/1"}],"replies":[{"embeddable":true,"href":"https:\/\/ptasiazatoka.gogler.info\/sv\/wp-json\/wp\/v2\/comments?post=1618"}],"version-history":[{"count":2,"href":"https:\/\/ptasiazatoka.gogler.info\/sv\/wp-json\/wp\/v2\/pages\/1618\/revisions"}],"predecessor-version":[{"id":1659,"href":"https:\/\/ptasiazatoka.gogler.info\/sv\/wp-json\/wp\/v2\/pages\/1618\/revisions\/1659"}],"wp:featuredmedia":[{"embeddable":true,"href":"https:\/\/ptasiazatoka.gogler.info\/sv\/wp-json\/wp\/v2\/media\/2008"}],"wp:attachment":[{"href":"https:\/\/ptasiazatoka.gogler.info\/sv\/wp-json\/wp\/v2\/media?parent=1618"}],"curies":[{"name":"wp","href":"https:\/\/api.w.org\/{rel}","templated":true}]}}