{"id":1566,"date":"2023-03-10T11:41:14","date_gmt":"2023-03-10T10:41:14","guid":{"rendered":"https:\/\/ptasiazatoka.gogler.info\/szukac-dostepne\/"},"modified":"2023-04-20T15:01:33","modified_gmt":"2023-04-20T13:01:33","slug":"sok-efter-lediga-stugor","status":"publish","type":"page","link":"https:\/\/ptasiazatoka.gogler.info\/sv\/sok-efter-lediga-stugor\/","title":{"rendered":"S\u00f6k efter lediga stugor"},"content":{"rendered":"<section class=\"l-section wpb_row us_custom_a0b2d33b height_auto\"><div class=\"l-section-h i-cf\"><div class=\"g-cols vc_row via_flex valign_middle type_default stacking_default\"><div class=\"vc_col-sm-12 wpb_column vc_column_container\"><div class=\"vc_column-inner us_custom_3d728d4b\"><div class=\"wpb_wrapper\"><div class=\"wpb_text_column us_custom_8b3d6790 has_text_color\"><div class=\"wpb_wrapper\"><h1>S\u00f6k efter lediga stugor<\/h1>\n<\/div><\/div><\/div><\/div><\/div><\/div><\/div><\/section><section class=\"l-section wpb_row height_medium\"><div class=\"l-section-h i-cf\"><div class=\"g-cols vc_row via_flex valign_top type_default stacking_default\"><div class=\"vc_col-sm-12 wpb_column vc_column_container\"><div class=\"vc_column-inner\"><div class=\"wpb_wrapper\"><div class=\"wpb_text_column\"><div class=\"wpb_wrapper\"><div class=\"mphb_sc_search-wrapper \"><form method=\"GET\" class=\"mphb_sc_search-form\" action=\"https:\/\/ptasiazatoka.gogler.info\/sv\/sokresultat\/\">\n\n\t<p class = \"mphb-required-fields-tip\">\n\t<small>\n\t\tObligatoriska f\u00e4lt m\u00e4rks med\t\t<abbr title=\"required\">*<\/abbr>\n\t<\/small>\n<\/p>\n\t<p class=\"mphb_sc_search-check-in-date\">\n\t\t<label for=\"mphb_check_in_date-mphb-search-form-69e0edcd53378\">\n\t\t\tIncheckning\t\t\t<abbr title=\"Visas som dd\/mm\/yyyy\">*<\/abbr>\n\t\t<\/label>\n\t\t<br \/>\n\t\t<input\n\t\t\tid=\"mphb_check_in_date-mphb-search-form-69e0edcd53378\"\n\t\t\tdata-datepick-group=\"mphb-search-form-69e0edcd53378\"\n\t\t\tvalue=\"\"\n\t\t\tplaceholder=\"Incheckningsdatum\"\n\t\t\trequired=\"required\"\n\t\t\ttype=\"text\"\n\t\t\tinputmode=\"none\"\n\t\t\tname=\"mphb_check_in_date\"\n\t\t\tclass=\"mphb-datepick\"\n\t\t\tautocomplete=\"off\"\n\t\t\t\/>\n\t<\/p>\n\n\t<p class=\"mphb_sc_search-check-out-date\">\n\t\t<label for=\"mphb_check_out_date-mphb-search-form-69e0edcd53378\">\n\t\t\tUtcheckning\t\t\t<abbr title=\"Visas som dd\/mm\/yyyy\">*<\/abbr>\n\t\t<\/label>\n\t\t<br \/>\n\t\t<input\n\t\t\tid=\"mphb_check_out_date-mphb-search-form-69e0edcd53378\"\n\t\t\tdata-datepick-group=\"mphb-search-form-69e0edcd53378\"\n\t\t\tvalue=\"\"\n\t\t\tplaceholder=\"Utcheckningsdatum\"\n\t\t\trequired=\"required\"\n\t\t\ttype=\"text\"\n\t\t\tinputmode=\"none\"\n\t\t\tname=\"mphb_check_out_date\"\n\t\t\tclass=\"mphb-datepick\"\n\t\t\tautocomplete=\"off\"\n\t\t\t\/>\n\t<\/p>\n\n\t\t\t<input type=\"hidden\" id=\"mphb_adults-mphb-search-form-69e0edcd53378\" name=\"mphb_adults\" value=\"1\" \/>\n\t\n\t\t\t<input type=\"hidden\" id=\"mphb_children-mphb-search-form-69e0edcd53378\" name=\"mphb_children\" value=\"0\" \/>\n\t\n\t\n\t\n\t<input id=\"mphb_check_in_date-mphb-search-form-69e0edcd53378-hidden\" value=\"\" type=\"hidden\" name=\"mphb_check_in_date\" \/><input id=\"mphb_check_out_date-mphb-search-form-69e0edcd53378-hidden\" value=\"\" type=\"hidden\" name=\"mphb_check_out_date\" \/>\n\t<p class=\"mphb_sc_search-submit-button-wrapper\">\n\t\t<input type=\"submit\" class=\"button\" value=\"S\u00f6k\"\/>\n\t<\/p>\n\n\t\n<\/form>\n<\/div>\n<\/div><\/div><\/div><\/div><\/div><\/div><\/div><\/section>\n","protected":false},"excerpt":{"rendered":"S\u00f6k efter lediga stugor Obligatoriska f\u00e4lt m\u00e4rks med * Incheckning * Utcheckning *","protected":false},"author":1,"featured_media":0,"parent":0,"menu_order":0,"comment_status":"closed","ping_status":"closed","template":"","meta":{"_acf_changed":false,"footnotes":""},"acf":[],"_links":{"self":[{"href":"https:\/\/ptasiazatoka.gogler.info\/sv\/wp-json\/wp\/v2\/pages\/1566"}],"collection":[{"href":"https:\/\/ptasiazatoka.gogler.info\/sv\/wp-json\/wp\/v2\/pages"}],"about":[{"href":"https:\/\/ptasiazatoka.gogler.info\/sv\/wp-json\/wp\/v2\/types\/page"}],"author":[{"embeddable":true,"href":"https:\/\/ptasiazatoka.gogler.info\/sv\/wp-json\/wp\/v2\/users\/1"}],"replies":[{"embeddable":true,"href":"https:\/\/ptasiazatoka.gogler.info\/sv\/wp-json\/wp\/v2\/comments?post=1566"}],"version-history":[{"count":1,"href":"https:\/\/ptasiazatoka.gogler.info\/sv\/wp-json\/wp\/v2\/pages\/1566\/revisions"}],"predecessor-version":[{"id":1570,"href":"https:\/\/ptasiazatoka.gogler.info\/sv\/wp-json\/wp\/v2\/pages\/1566\/revisions\/1570"}],"wp:attachment":[{"href":"https:\/\/ptasiazatoka.gogler.info\/sv\/wp-json\/wp\/v2\/media?parent=1566"}],"curies":[{"name":"wp","href":"https:\/\/api.w.org\/{rel}","templated":true}]}}