{"id":1504,"date":"2023-02-20T10:23:19","date_gmt":"2023-02-20T09:23:19","guid":{"rendered":"https:\/\/ptasiazatoka.gogler.info\/atrakcje\/"},"modified":"2023-04-20T13:09:22","modified_gmt":"2023-04-20T11:09:22","slug":"atgarder","status":"publish","type":"page","link":"https:\/\/ptasiazatoka.gogler.info\/sv\/atgarder\/","title":{"rendered":"\u00c5tg\u00e4rder"},"content":{"rendered":"<section class=\"l-section wpb_row us_custom_e9a348a1 baner-img height_auto\"><div class=\"l-section-h i-cf\"><div class=\"g-cols vc_row via_flex valign_middle type_default stacking_default\"><div class=\"vc_col-sm-12 wpb_column vc_column_container\"><div class=\"vc_column-inner us_custom_3d728d4b\"><div class=\"wpb_wrapper\"><div class=\"wpb_text_column us_custom_8b3d6790 has_text_color\"><div class=\"wpb_wrapper\"><h1>\u00c5tg\u00e4rder<\/h1>\n<\/div><\/div><\/div><\/div><\/div><\/div><\/div><\/section><section class=\"l-section wpb_row us_custom_98c5a46a has_text_color height_medium\"><div class=\"l-section-h i-cf\"><div class=\"g-cols vc_row via_flex valign_top type_default stacking_default\"><div class=\"vc_col-sm-12 wpb_column vc_column_container\"><div class=\"vc_column-inner\"><div class=\"wpb_wrapper\"><div class=\"wpb_text_column\"><div class=\"wpb_wrapper\"><h2>SJ\u00d6 BIA\u0141E &#8211; BUKTEN TARTACZNA<\/h2>\n<\/div><\/div><div class=\"w-grid atrkacje-karuzela type_grid layout_191 cols_6 ratio_1x1\" id=\"us_grid_1\" data-filterable=\"true\"><style>#us_grid_1 .w-grid-item{padding:12.5px}#us_grid_1 .w-grid-list{margin:-12.5px}.w-grid + #us_grid_1 .w-grid-list,.w-grid-none + #us_grid_1 .w-grid-list{margin-top:12.5px}@media (max-width:1199px){#us_grid_1 .w-grid-item{width:33.3333%}#us_grid_1 .w-grid-item.size_2x1,#us_grid_1 .w-grid-item.size_2x2{width:66.6667%}}@media (max-width:899px){#us_grid_1 .w-grid-item{width:33.3333%}#us_grid_1 .w-grid-item.size_2x1,#us_grid_1 .w-grid-item.size_2x2{width:66.6667%}}@media (max-width:599px){#us_grid_1 .w-grid-item{width:50%}#us_grid_1 .w-grid-item.size_2x1,#us_grid_1 .w-grid-item.size_2x2{width:100%}}.layout_191 .w-grid-item-h:before{padding-bottom:100%}@media (min-width:600px){.layout_191 .w-grid-item.size_1x2 .w-grid-item-h:before{padding-bottom:calc(200% + 12.5px + 12.5px)}.layout_191 .w-grid-item.size_2x1 .w-grid-item-h:before{padding-bottom:calc(50% - 12.5px * 1)}.layout_191 .w-grid-item.size_2x2 .w-grid-item-h:before{padding-bottom:calc(100% - 12.5px * 0)}}.layout_191 .w-grid-item-h{background:var(--color-header-middle-bg);border-radius:1rem}.layout_191 .usg_vwrapper_1{width:100%!important;position:absolute!important}.layout_191 .usg_post_title_1{color:#000000!important;font-size:1rem!important;font-weight:400!important}.layout_191 .usg_post_image_1{width:max-width!important;margin-left:auto!important;margin-right:auto!important}<\/style><div class=\"w-grid-list\">\t<article class=\"w-grid-item size_1x1 post-1528 aktracje type-aktracje status-publish has-post-thumbnail hentry\" data-id=\"1528\">\r\n\t\t<div class=\"w-grid-item-h\">\r\n\t\t\t\t\t\t<div class=\"w-vwrapper usg_vwrapper_1 align_center valign_middle\"><div class=\"w-post-elm post_image usg_post_image_1 has_width stretched\"><img decoding=\"async\" width=\"60\" height=\"60\" src=\"https:\/\/ptasiazatoka.gogler.info\/wp-content\/uploads\/2023\/02\/AdobeStock_526109747-1.png\" class=\"attachment-large size-large wp-post-image\" alt=\"\" \/><\/div><h3 class=\"w-post-elm post_title usg_post_title_1 has_text_color entry-title color_link_inherit\">Bastu p\u00e5 vatten<\/h3><\/div>\t\t<\/div>\r\n\t<\/article>\r\n\t<article class=\"w-grid-item size_1x1 post-1525 aktracje type-aktracje status-publish has-post-thumbnail hentry\" data-id=\"1525\">\r\n\t\t<div class=\"w-grid-item-h\">\r\n\t\t\t\t\t\t<div class=\"w-vwrapper usg_vwrapper_1 align_center valign_middle\"><div class=\"w-post-elm post_image usg_post_image_1 has_width stretched\"><img decoding=\"async\" width=\"60\" height=\"60\" src=\"https:\/\/ptasiazatoka.gogler.info\/wp-content\/uploads\/2023\/02\/AdobeStock_462602125-ai.png\" class=\"attachment-large size-large wp-post-image\" alt=\"\" \/><\/div><h3 class=\"w-post-elm post_title usg_post_title_1 has_text_color entry-title color_link_inherit\">Whirlpool \u00e5ret runt<\/h3><\/div>\t\t<\/div>\r\n\t<\/article>\r\n\t<article class=\"w-grid-item size_1x1 post-1522 aktracje type-aktracje status-publish has-post-thumbnail hentry\" data-id=\"1522\">\r\n\t\t<div class=\"w-grid-item-h\">\r\n\t\t\t\t\t\t<div class=\"w-vwrapper usg_vwrapper_1 align_center valign_middle\"><div class=\"w-post-elm post_image usg_post_image_1 has_width stretched\"><img decoding=\"async\" width=\"60\" height=\"60\" src=\"https:\/\/ptasiazatoka.gogler.info\/wp-content\/uploads\/2023\/03\/AdobeStock_557788050-1.png\" class=\"attachment-large size-large wp-post-image\" alt=\"\" \/><\/div><h3 class=\"w-post-elm post_title usg_post_title_1 has_text_color entry-title color_link_inherit\">Bro<\/h3><\/div>\t\t<\/div>\r\n\t<\/article>\r\n\t<article class=\"w-grid-item size_1x1 post-1519 aktracje type-aktracje status-publish has-post-thumbnail hentry\" data-id=\"1519\">\r\n\t\t<div class=\"w-grid-item-h\">\r\n\t\t\t\t\t\t<div class=\"w-vwrapper usg_vwrapper_1 align_center valign_middle\"><div class=\"w-post-elm post_image usg_post_image_1 has_width stretched\"><img decoding=\"async\" width=\"60\" height=\"60\" src=\"https:\/\/ptasiazatoka.gogler.info\/wp-content\/uploads\/2023\/03\/AdobeStock_541488469-1.png\" class=\"attachment-large size-large wp-post-image\" alt=\"\" \/><\/div><h3 class=\"w-post-elm post_title usg_post_title_1 has_text_color entry-title color_link_inherit\">Grill<\/h3><\/div>\t\t<\/div>\r\n\t<\/article>\r\n\t<article class=\"w-grid-item size_1x1 post-1514 aktracje type-aktracje status-publish has-post-thumbnail hentry\" data-id=\"1514\">\r\n\t\t<div class=\"w-grid-item-h\">\r\n\t\t\t\t\t\t<div class=\"w-vwrapper usg_vwrapper_1 align_center valign_middle\"><div class=\"w-post-elm post_image usg_post_image_1 has_width stretched\"><img decoding=\"async\" width=\"60\" height=\"60\" src=\"https:\/\/ptasiazatoka.gogler.info\/wp-content\/uploads\/2023\/03\/AdobeStock_548975028-1.png\" class=\"attachment-large size-large wp-post-image\" alt=\"\" \/><\/div><h3 class=\"w-post-elm post_title usg_post_title_1 has_text_color entry-title color_link_inherit\">Fiskeomr\u00e5de<\/h3><\/div>\t\t<\/div>\r\n\t<\/article>\r\n\t<article class=\"w-grid-item size_1x1 post-1517 aktracje type-aktracje status-publish has-post-thumbnail hentry\" data-id=\"1517\">\r\n\t\t<div class=\"w-grid-item-h\">\r\n\t\t\t\t\t\t<div class=\"w-vwrapper usg_vwrapper_1 align_center valign_middle\"><div class=\"w-post-elm post_image usg_post_image_1 has_width stretched\"><img decoding=\"async\" width=\"60\" height=\"60\" src=\"https:\/\/ptasiazatoka.gogler.info\/wp-content\/uploads\/2023\/03\/AdobeStock_511533002.jpg\" class=\"attachment-large size-large wp-post-image\" alt=\"\" \/><\/div><h3 class=\"w-post-elm post_title usg_post_title_1 has_text_color entry-title color_link_inherit\">Terrass<\/h3><\/div>\t\t<\/div>\r\n\t<\/article>\r\n<\/div><div class=\"w-grid-preloader\"><div class=\"g-preloader type_1\">\r\n\t<div><\/div>\r\n<\/div>\r\n<\/div>\t<div class=\"w-grid-json hidden\" onclick='return {&quot;action&quot;:&quot;us_ajax_grid&quot;,&quot;ajax_url&quot;:&quot;https:\\\/\\\/ptasiazatoka.gogler.info\\\/wp-admin\\\/admin-ajax.php&quot;,&quot;infinite_scroll&quot;:0,&quot;max_num_pages&quot;:1,&quot;pagination&quot;:&quot;none&quot;,&quot;permalink_url&quot;:&quot;https:\\\/\\\/ptasiazatoka.gogler.info\\\/sv\\\/wp-json\\\/wp\\\/v2\\\/pages\\\/1504\\\/&quot;,&quot;template_vars&quot;:{&quot;columns&quot;:&quot;6&quot;,&quot;exclude_items&quot;:&quot;none&quot;,&quot;img_size&quot;:&quot;default&quot;,&quot;ignore_items_size&quot;:0,&quot;items_layout&quot;:&quot;191&quot;,&quot;items_offset&quot;:&quot;1&quot;,&quot;load_animation&quot;:&quot;none&quot;,&quot;overriding_link&quot;:&quot;none&quot;,&quot;post_id&quot;:1504,&quot;query_args&quot;:{&quot;post_type&quot;:[&quot;aktracje&quot;],&quot;post_status&quot;:[&quot;publish&quot;,&quot;pending&quot;,&quot;acf-disabled&quot;,&quot;pending-user&quot;,&quot;pending-payment&quot;,&quot;abandoned&quot;,&quot;confirmed&quot;,&quot;cancelled&quot;,&quot;mphb-p-pending&quot;,&quot;mphb-p-completed&quot;,&quot;mphb-p-failed&quot;,&quot;mphb-p-abandoned&quot;,&quot;mphb-p-on-hold&quot;,&quot;mphb-p-refunded&quot;,&quot;mphb-p-cancelled&quot;],&quot;posts_per_page&quot;:&quot;99&quot;},&quot;orderby_query_args&quot;:{&quot;orderby&quot;:{&quot;date&quot;:&quot;ASC&quot;}},&quot;type&quot;:&quot;grid&quot;,&quot;us_grid_ajax_index&quot;:1,&quot;us_grid_filter_params&quot;:null,&quot;us_grid_index&quot;:1,&quot;_us_grid_post_type&quot;:&quot;aktracje&quot;,&quot;lang&quot;:&quot;sv&quot;}}'><\/div>\r\n\t<\/div><\/div><\/div><\/div><\/div><\/div><\/section><section class=\"l-section wpb_row height_medium\"><div class=\"l-section-h i-cf\"><div class=\"g-cols vc_row via_flex valign_top type_default stacking_default\"><div class=\"vc_col-sm-12 wpb_column vc_column_container\"><div class=\"vc_column-inner\"><div class=\"wpb_wrapper\"><div class=\"wpb_text_column edited-list\"><div class=\"wpb_wrapper\"><p>Omr\u00e5det runt August\u00f3w och August\u00f3w Primeval Forest \u00e4r k\u00e4nt som Polens gr\u00f6na lungor. H\u00e4r finns attraktioner f\u00f6r alla \u00e5ldrar, fr\u00e5n sm\u00e5barn till seniorer. Vi har gott om f\u00f6rslag f\u00f6r dem som gillar att koppla av och f\u00f6r dem som f\u00f6redrar att spendera sin tid mycket aktivt.<\/p>\n<p>Vad och var guide<\/p>\n<ul>\n<li>N\u00e4rmaste butik &#8211; sv\u00e4ng h\u00f6ger och g\u00e5 400 m &#8211; Sklep Spo\u0142em eller Biedronka 4,2 km ul. Sucharskiego 2<\/li>\n<li>Cykeluthyrning &#8211; tel : 604256750<\/li>\n<li>Camp Zatoka uthyrning av vattensportsutrustning &#8211; sv\u00e4ng till v\u00e4nster och g\u00e5 300 m.<\/li>\n<li>Bankomat &#8211; 5,2 km Wojska Polskiego Street 53<\/li>\n<li>Rekommenderad restaurang &#8211; sv\u00e4ng till h\u00f6ger och g\u00e5 l\u00e4ngs sj\u00f6n 1 km till fiskrestaurang 7 Turystyczna Street<\/li>\n<li>Tillst\u00e5nd &#8211; Fiske &#8211; sv\u00e4ng till h\u00f6ger och g\u00e5 l\u00e4ngs sj\u00f6n 1 km till Fish Restaurant 7 Turystyczna Street<\/li>\n<\/ul>\n<\/div><\/div><div class=\"w-image align_center\"><div class=\"w-image-h\"><img decoding=\"async\" width=\"1600\" height=\"525\" src=\"https:\/\/ptasiazatoka.gogler.info\/wp-content\/uploads\/2023\/02\/atrakcje.jpg\" class=\"attachment-full size-full\" alt=\"\" srcset=\"https:\/\/ptasiazatoka.gogler.info\/wp-content\/uploads\/2023\/02\/atrakcje.jpg 1600w, https:\/\/ptasiazatoka.gogler.info\/wp-content\/uploads\/2023\/02\/atrakcje-300x98.jpg 300w, https:\/\/ptasiazatoka.gogler.info\/wp-content\/uploads\/2023\/02\/atrakcje-1024x336.jpg 1024w\" sizes=\"(max-width: 1600px) 100vw, 1600px\" \/><\/div><\/div><\/div><\/div><\/div><\/div><\/div><\/section>\n","protected":false},"excerpt":{"rendered":"","protected":false},"author":1,"featured_media":0,"parent":0,"menu_order":0,"comment_status":"closed","ping_status":"closed","template":"","meta":{"_acf_changed":false,"footnotes":""},"acf":[],"_links":{"self":[{"href":"https:\/\/ptasiazatoka.gogler.info\/sv\/wp-json\/wp\/v2\/pages\/1504"}],"collection":[{"href":"https:\/\/ptasiazatoka.gogler.info\/sv\/wp-json\/wp\/v2\/pages"}],"about":[{"href":"https:\/\/ptasiazatoka.gogler.info\/sv\/wp-json\/wp\/v2\/types\/page"}],"author":[{"embeddable":true,"href":"https:\/\/ptasiazatoka.gogler.info\/sv\/wp-json\/wp\/v2\/users\/1"}],"replies":[{"embeddable":true,"href":"https:\/\/ptasiazatoka.gogler.info\/sv\/wp-json\/wp\/v2\/comments?post=1504"}],"version-history":[{"count":2,"href":"https:\/\/ptasiazatoka.gogler.info\/sv\/wp-json\/wp\/v2\/pages\/1504\/revisions"}],"predecessor-version":[{"id":1510,"href":"https:\/\/ptasiazatoka.gogler.info\/sv\/wp-json\/wp\/v2\/pages\/1504\/revisions\/1510"}],"wp:attachment":[{"href":"https:\/\/ptasiazatoka.gogler.info\/sv\/wp-json\/wp\/v2\/media?parent=1504"}],"curies":[{"name":"wp","href":"https:\/\/api.w.org\/{rel}","templated":true}]}}