{"id":1611,"date":"2023-03-13T02:15:52","date_gmt":"2023-03-13T01:15:52","guid":{"rendered":"https:\/\/ptasiazatoka.gogler.info\/domek-labedz\/"},"modified":"2023-04-21T14:08:55","modified_gmt":"2023-04-21T12:08:55","slug":"swan-cottage","status":"publish","type":"page","link":"https:\/\/ptasiazatoka.gogler.info\/en\/swan-cottage\/","title":{"rendered":"Swan Cottage"},"content":{"rendered":"<section class=\"l-section wpb_row us_custom_a0b2d33b height_auto\"><div class=\"l-section-h i-cf\"><div class=\"g-cols vc_row via_flex valign_middle type_default stacking_default\"><div class=\"vc_col-sm-12 wpb_column vc_column_container\"><div class=\"vc_column-inner us_custom_3d728d4b\"><div class=\"wpb_wrapper\"><h1 class=\"w-post-elm post_title us_custom_8b3d6790 has_text_color entry-title color_link_inherit\">Swan Cottage<\/h1><\/div><\/div><\/div><\/div><\/div><\/section><section class=\"l-section wpb_row height_medium\"><div class=\"l-section-h i-cf\"><div class=\"g-cols vc_row via_flex valign_top type_default stacking_default\"><div class=\"vc_col-sm-12 wpb_column vc_column_container\"><div class=\"vc_column-inner\"><div class=\"wpb_wrapper\"><div class=\"w-post-elm post_image us_custom_dad4fece has_ratio\"><div style=\"padding-bottom:56.25%\"><\/div><img decoding=\"async\" width=\"600\" height=\"600\" src=\"https:\/\/ptasiazatoka.gogler.info\/wp-content\/uploads\/2023\/12\/domek_1.webp\" class=\"attachment-full size-full wp-post-image\" alt=\"\" srcset=\"https:\/\/ptasiazatoka.gogler.info\/wp-content\/uploads\/2023\/12\/domek_1.webp 600w, https:\/\/ptasiazatoka.gogler.info\/wp-content\/uploads\/2023\/12\/domek_1-300x300.webp 300w, https:\/\/ptasiazatoka.gogler.info\/wp-content\/uploads\/2023\/12\/domek_1-150x150.webp 150w\" sizes=\"(max-width: 600px) 100vw, 600px\" \/><\/div><div class=\"w-separator size_small\"><\/div><div class=\"w-grid type_carousel layout_78 cols_5\" id=\"us_grid_1\"><style>#us_grid_1 .w-grid-item{padding:12.5px}#us_grid_1 .w-grid-list{margin:-12.5px}.w-grid + #us_grid_1 .w-grid-list,.w-grid-none + #us_grid_1 .w-grid-list{margin-top:12.5px}.layout_78 .w-grid-item-h{}.layout_78 .usg_post_image_1{border-radius:8px!important}<\/style><div class=\"w-grid-list owl-carousel navstyle_circle navpos_outside\">\t<article class=\"w-grid-item post-922 attachment type-attachment status-inherit hentry\" data-id=\"922\">\r\n\t\t<div class=\"w-grid-item-h\">\r\n\t\t\t\t\t\t\t<a class=\"w-grid-item-anchor\" href=\"https:\/\/ptasiazatoka.gogler.info\/wp-content\/uploads\/2023\/03\/labedz-3.jpg\" ref=\"magnificPopupGrid\" title=\"labedz-3\"><\/a>\r\n\t\t\t\t\t\t<div class=\"w-post-elm post_image usg_post_image_1 has_ratio\"><div style=\"padding-bottom:66.6667%\"><\/div><a href=\"https:\/\/ptasiazatoka.gogler.info\/wp-content\/uploads\/2023\/03\/labedz-3.jpg\" ref=\"magnificPopup\" aria-label=\"labedz-3\"><img decoding=\"async\" width=\"1024\" height=\"752\" src=\"https:\/\/ptasiazatoka.gogler.info\/wp-content\/uploads\/2023\/03\/labedz-3-1024x752.jpg\" class=\"attachment-large size-large\" alt=\"\" srcset=\"https:\/\/ptasiazatoka.gogler.info\/wp-content\/uploads\/2023\/03\/labedz-3-1024x752.jpg 1024w, https:\/\/ptasiazatoka.gogler.info\/wp-content\/uploads\/2023\/03\/labedz-3-300x220.jpg 300w, https:\/\/ptasiazatoka.gogler.info\/wp-content\/uploads\/2023\/03\/labedz-3.jpg 1200w\" sizes=\"(max-width: 1024px) 100vw, 1024px\" \/><\/a><\/div>\t\t<\/div>\r\n\t<\/article>\r\n\t<article class=\"w-grid-item post-918 attachment type-attachment status-inherit hentry\" data-id=\"918\">\r\n\t\t<div class=\"w-grid-item-h\">\r\n\t\t\t\t\t\t\t<a class=\"w-grid-item-anchor\" href=\"https:\/\/ptasiazatoka.gogler.info\/wp-content\/uploads\/2023\/03\/labedz-5.jpg\" ref=\"magnificPopupGrid\" title=\"labedz-5\"><\/a>\r\n\t\t\t\t\t\t<div class=\"w-post-elm post_image usg_post_image_1 has_ratio\"><div style=\"padding-bottom:66.6667%\"><\/div><a href=\"https:\/\/ptasiazatoka.gogler.info\/wp-content\/uploads\/2023\/03\/labedz-5.jpg\" ref=\"magnificPopup\" aria-label=\"labedz-5\"><img decoding=\"async\" width=\"734\" height=\"1024\" src=\"https:\/\/ptasiazatoka.gogler.info\/wp-content\/uploads\/2023\/03\/labedz-5-734x1024.jpg\" class=\"attachment-large size-large\" alt=\"\" srcset=\"https:\/\/ptasiazatoka.gogler.info\/wp-content\/uploads\/2023\/03\/labedz-5-734x1024.jpg 734w, https:\/\/ptasiazatoka.gogler.info\/wp-content\/uploads\/2023\/03\/labedz-5-215x300.jpg 215w, https:\/\/ptasiazatoka.gogler.info\/wp-content\/uploads\/2023\/03\/labedz-5.jpg 860w\" sizes=\"(max-width: 734px) 100vw, 734px\" \/><\/a><\/div>\t\t<\/div>\r\n\t<\/article>\r\n\t<article class=\"w-grid-item post-914 attachment type-attachment status-inherit hentry\" data-id=\"914\">\r\n\t\t<div class=\"w-grid-item-h\">\r\n\t\t\t\t\t\t\t<a class=\"w-grid-item-anchor\" href=\"https:\/\/ptasiazatoka.gogler.info\/wp-content\/uploads\/2023\/03\/labedz-2.jpg\" ref=\"magnificPopupGrid\" title=\"labedz-2\"><\/a>\r\n\t\t\t\t\t\t<div class=\"w-post-elm post_image usg_post_image_1 has_ratio\"><div style=\"padding-bottom:66.6667%\"><\/div><a href=\"https:\/\/ptasiazatoka.gogler.info\/wp-content\/uploads\/2023\/03\/labedz-2.jpg\" ref=\"magnificPopup\" aria-label=\"labedz-2\"><img decoding=\"async\" width=\"1024\" height=\"768\" src=\"https:\/\/ptasiazatoka.gogler.info\/wp-content\/uploads\/2023\/03\/labedz-2-1024x768.jpg\" class=\"attachment-large size-large\" alt=\"\" srcset=\"https:\/\/ptasiazatoka.gogler.info\/wp-content\/uploads\/2023\/03\/labedz-2-1024x768.jpg 1024w, https:\/\/ptasiazatoka.gogler.info\/wp-content\/uploads\/2023\/03\/labedz-2-300x225.jpg 300w, https:\/\/ptasiazatoka.gogler.info\/wp-content\/uploads\/2023\/03\/labedz-2.jpg 1200w\" sizes=\"(max-width: 1024px) 100vw, 1024px\" \/><\/a><\/div>\t\t<\/div>\r\n\t<\/article>\r\n\t<article class=\"w-grid-item post-910 attachment type-attachment status-inherit hentry\" data-id=\"910\">\r\n\t\t<div class=\"w-grid-item-h\">\r\n\t\t\t\t\t\t\t<a class=\"w-grid-item-anchor\" href=\"https:\/\/ptasiazatoka.gogler.info\/wp-content\/uploads\/2023\/03\/labedz-4.jpg\" ref=\"magnificPopupGrid\" title=\"labedz-4\"><\/a>\r\n\t\t\t\t\t\t<div class=\"w-post-elm post_image usg_post_image_1 has_ratio\"><div style=\"padding-bottom:66.6667%\"><\/div><a href=\"https:\/\/ptasiazatoka.gogler.info\/wp-content\/uploads\/2023\/03\/labedz-4.jpg\" ref=\"magnificPopup\" aria-label=\"labedz-4\"><img decoding=\"async\" width=\"768\" height=\"1024\" src=\"https:\/\/ptasiazatoka.gogler.info\/wp-content\/uploads\/2023\/03\/labedz-4-768x1024.jpg\" class=\"attachment-large size-large\" alt=\"\" srcset=\"https:\/\/ptasiazatoka.gogler.info\/wp-content\/uploads\/2023\/03\/labedz-4-768x1024.jpg 768w, https:\/\/ptasiazatoka.gogler.info\/wp-content\/uploads\/2023\/03\/labedz-4-225x300.jpg 225w, https:\/\/ptasiazatoka.gogler.info\/wp-content\/uploads\/2023\/03\/labedz-4.jpg 900w\" sizes=\"(max-width: 768px) 100vw, 768px\" \/><\/a><\/div>\t\t<\/div>\r\n\t<\/article>\r\n\t<article class=\"w-grid-item post-906 attachment type-attachment status-inherit hentry\" data-id=\"906\">\r\n\t\t<div class=\"w-grid-item-h\">\r\n\t\t\t\t\t\t\t<a class=\"w-grid-item-anchor\" href=\"https:\/\/ptasiazatoka.gogler.info\/wp-content\/uploads\/2023\/03\/labedz-1.jpg\" ref=\"magnificPopupGrid\" title=\"labedz-1\"><\/a>\r\n\t\t\t\t\t\t<div class=\"w-post-elm post_image usg_post_image_1 has_ratio\"><div style=\"padding-bottom:66.6667%\"><\/div><a href=\"https:\/\/ptasiazatoka.gogler.info\/wp-content\/uploads\/2023\/03\/labedz-1.jpg\" ref=\"magnificPopup\" aria-label=\"labedz-1\"><img decoding=\"async\" width=\"1024\" height=\"768\" src=\"https:\/\/ptasiazatoka.gogler.info\/wp-content\/uploads\/2023\/03\/labedz-1-1024x768.jpg\" class=\"attachment-large size-large\" alt=\"\" srcset=\"https:\/\/ptasiazatoka.gogler.info\/wp-content\/uploads\/2023\/03\/labedz-1-1024x768.jpg 1024w, https:\/\/ptasiazatoka.gogler.info\/wp-content\/uploads\/2023\/03\/labedz-1-300x225.jpg 300w, https:\/\/ptasiazatoka.gogler.info\/wp-content\/uploads\/2023\/03\/labedz-1.jpg 1200w\" sizes=\"(max-width: 1024px) 100vw, 1024px\" \/><\/a><\/div>\t\t<\/div>\r\n\t<\/article>\r\n<\/div><div class=\"g-preloader type_1\">\r\n\t<div><\/div>\r\n<\/div>\r\n\t<div class=\"w-grid-json hidden\" onclick='return {&quot;action&quot;:&quot;us_ajax_grid&quot;,&quot;ajax_url&quot;:&quot;https:\\\/\\\/ptasiazatoka.gogler.info\\\/wp-admin\\\/admin-ajax.php&quot;,&quot;infinite_scroll&quot;:0,&quot;max_num_pages&quot;:1,&quot;pagination&quot;:&quot;none&quot;,&quot;permalink_url&quot;:&quot;https:\\\/\\\/ptasiazatoka.gogler.info\\\/en\\\/wp-json\\\/wp\\\/v2\\\/pages\\\/1611\\\/&quot;,&quot;template_vars&quot;:{&quot;columns&quot;:&quot;5&quot;,&quot;exclude_items&quot;:&quot;none&quot;,&quot;img_size&quot;:&quot;default&quot;,&quot;ignore_items_size&quot;:0,&quot;items_layout&quot;:&quot;78&quot;,&quot;items_offset&quot;:&quot;1&quot;,&quot;load_animation&quot;:&quot;none&quot;,&quot;overriding_link&quot;:&quot;popup_post_image&quot;,&quot;post_id&quot;:1611,&quot;query_args&quot;:{&quot;post_type&quot;:[&quot;attachment&quot;],&quot;post__in&quot;:[&quot;905&quot;,&quot;909&quot;,&quot;913&quot;,&quot;917&quot;,&quot;921&quot;],&quot;post_status&quot;:&quot;inherit&quot;,&quot;post_mime_type&quot;:&quot;image&quot;,&quot;posts_per_page&quot;:&quot;5&quot;},&quot;orderby_query_args&quot;:{&quot;orderby&quot;:{&quot;date&quot;:&quot;DESC&quot;}},&quot;type&quot;:&quot;carousel&quot;,&quot;us_grid_ajax_index&quot;:1,&quot;us_grid_filter_params&quot;:null,&quot;us_grid_index&quot;:1,&quot;_us_grid_post_type&quot;:&quot;attachment&quot;,&quot;lang&quot;:&quot;en&quot;},&quot;carousel_settings&quot;:{&quot;autoHeight&quot;:0,&quot;autoplay&quot;:0,&quot;carousel_fade&quot;:0,&quot;center&quot;:0,&quot;dots&quot;:0,&quot;items&quot;:&quot;5&quot;,&quot;loop&quot;:false,&quot;nav&quot;:0,&quot;slideby&quot;:&quot;1&quot;,&quot;smooth_play&quot;:0,&quot;speed&quot;:250,&quot;timeout&quot;:3000,&quot;transition&quot;:&quot;&quot;},&quot;carousel_breakpoints&quot;:{&quot;0&quot;:{&quot;autoHeight&quot;:0,&quot;autoplay&quot;:1,&quot;autoplayHoverPause&quot;:1,&quot;items&quot;:2,&quot;loop&quot;:false,&quot;stagePadding&quot;:0},&quot;600&quot;:{&quot;autoHeight&quot;:0,&quot;autoplay&quot;:1,&quot;autoplayHoverPause&quot;:1,&quot;items&quot;:2,&quot;loop&quot;:false,&quot;stagePadding&quot;:0},&quot;900&quot;:{&quot;autoHeight&quot;:0,&quot;autoplay&quot;:1,&quot;autoplayHoverPause&quot;:1,&quot;items&quot;:3,&quot;loop&quot;:false,&quot;stagePadding&quot;:0},&quot;1200&quot;:{&quot;items&quot;:5,&quot;stagePadding&quot;:0}}}'><\/div>\r\n\t<\/div><div class=\"w-separator size_medium\"><\/div><div class=\"g-cols wpb_row copy via_flex valign_top type_default reversed stacking_default\"><div class=\"vc_col-sm-12 vc_col-md-3 wpb_column vc_column_container\"><div class=\"vc_column-inner\"><div class=\"wpb_wrapper\"><div class=\"w-vwrapper align_none valign_middle\"><div class=\"wpb_text_column\"><div class=\"wpb_wrapper\"><h2>Availability<\/h2>\n<\/div><\/div>[vc_raw_html]JTVCbXBoYl9hdmFpbGFiaWxpdHlfY2FsZW5kYXIlMjBpZCUzRCUyMjE2MDElMjIlMjBtb250aHN0b3Nob3clM0QlMjIxJTIyJTVE[\/vc_raw_html][vc_raw_html el_id=&#8221;rezerwacja&#8221;]JTVCbXBoYl9hdmFpbGFiaWxpdHklMjBpZCUzRCUyMjE2MDElMjIlNUQ=[\/vc_raw_html]<\/div><\/div><\/div><\/div><div class=\"vc_col-sm-12 vc_col-md-9 wpb_column vc_column_container\"><div class=\"vc_column-inner\"><div class=\"wpb_wrapper\"><div class=\"wpb_text_column\"><div class=\"wpb_wrapper\"><h2>Information<\/h2>\n<p><strong>Number of guests:<\/strong> 4 persons, extra bed for another person possible on request. Please inform us about the extra bed in the Comments field on the form when booking the cottage.<\/p>\n<p>The property is monitored, closed and protected.<\/p>\n<h2>Equipment<\/h2>\n<p><strong>Ground floor:<\/strong> double bed\/sofa &#8211; 2-seater, table, chest of drawers, heater, TV, armchair<br \/>\n<strong>Kitchenette:<\/strong> kettle, induction hob, fridge, crockery, porcalain, cutlery, bar stool\/chairs, microwave, coffee\/tea maker<br \/>\n<strong>Bathroom:<\/strong> WALK IN shower, rain shower, toilet, wash basin, towels, hand gel, heater, mirror, hair dryer<br \/>\n<strong>Mezzanine:<\/strong> 2 beds 90\/200 cm, wardrobe, cupboards, desk, chair, armchair, air conditioning<br \/>\nCovered terrace: deckchairs x 2, barbecue with insert (briquettes, kindling), table with terrace chairs<\/p>\n<h2>Facilities and attractions<\/h2>\n<p><strong>At your disposal:<\/strong> Feeding chair<br \/>\n<strong>At our guests&#8217; disposal:<\/strong> sauna on water , Jacuzzi with hydro-massage year-round, jetty at the White Lake with sandy beach and calm descent, place for bonfire with hearth with benches, sticks and wood.<\/p>\n<\/div><\/div><div class=\"wpb_text_column us_custom_2c3585a6\"><div class=\"wpb_wrapper\"><p>Zosta\u0144 z nami 7 nocy i otrzymaj 5% zni\u017cki na ca\u0142y pobyt.<\/p>\n<\/div><\/div>[vc_raw_html]JTVCbXBoYl9yb29tJTIwaWQlM0QlMjIxNjAxJTIyJTIwdGl0bGUlM0QlMjJmYWxzZSUyMiUyMGZlYXR1cmVkX2ltYWdlJTNEJTIyZmFsc2UlMjIlMjBleGNlcnB0JTNEJTIyZmFsc2UlMjIlMjBnYWxsZXJ5JTIwJTNEJTIyZmFsc2UlMjIlMjBwcmljZSUzRCUyMnRydWUlMjIlMjBkZXRhaWxzJTNEJTIyZmFsc2UlMjIlMjB2aWV3X2J1dHRvbiUzRCUyMmZhbHNlJTIyJTIwYm9va19idXR0b24lM0QlMjJmYWxzZSUyMiU1RA==[\/vc_raw_html]<div class=\"w-btn-wrapper align_none hide_on_default hide_on_laptops\"><a class=\"w-btn us-btn-style_1 us_custom_d4d74515\" href=\"#rezerwacja\"><span class=\"w-btn-label\">Book<\/span><\/a><\/div><\/div><\/div><\/div><\/div><\/div><\/div><\/div><\/div><\/div><\/section>\n","protected":false},"excerpt":{"rendered":"","protected":false},"author":1,"featured_media":2010,"parent":0,"menu_order":0,"comment_status":"closed","ping_status":"closed","template":"","meta":{"_acf_changed":false,"footnotes":""},"acf":[],"_links":{"self":[{"href":"https:\/\/ptasiazatoka.gogler.info\/en\/wp-json\/wp\/v2\/pages\/1611"}],"collection":[{"href":"https:\/\/ptasiazatoka.gogler.info\/en\/wp-json\/wp\/v2\/pages"}],"about":[{"href":"https:\/\/ptasiazatoka.gogler.info\/en\/wp-json\/wp\/v2\/types\/page"}],"author":[{"embeddable":true,"href":"https:\/\/ptasiazatoka.gogler.info\/en\/wp-json\/wp\/v2\/users\/1"}],"replies":[{"embeddable":true,"href":"https:\/\/ptasiazatoka.gogler.info\/en\/wp-json\/wp\/v2\/comments?post=1611"}],"version-history":[{"count":7,"href":"https:\/\/ptasiazatoka.gogler.info\/en\/wp-json\/wp\/v2\/pages\/1611\/revisions"}],"predecessor-version":[{"id":1663,"href":"https:\/\/ptasiazatoka.gogler.info\/en\/wp-json\/wp\/v2\/pages\/1611\/revisions\/1663"}],"wp:featuredmedia":[{"embeddable":true,"href":"https:\/\/ptasiazatoka.gogler.info\/en\/wp-json\/wp\/v2\/media\/2010"}],"wp:attachment":[{"href":"https:\/\/ptasiazatoka.gogler.info\/en\/wp-json\/wp\/v2\/media?parent=1611"}],"curies":[{"name":"wp","href":"https:\/\/api.w.org\/{rel}","templated":true}]}}