{"id":1503,"date":"2023-02-20T10:23:19","date_gmt":"2023-02-20T09:23:19","guid":{"rendered":"https:\/\/ptasiazatoka.gogler.info\/atrakcje\/"},"modified":"2023-04-21T10:13:06","modified_gmt":"2023-04-21T08:13:06","slug":"attraktionen","status":"publish","type":"page","link":"https:\/\/ptasiazatoka.gogler.info\/de\/attraktionen\/","title":{"rendered":"Attraktionen"},"content":{"rendered":"<section class=\"l-section wpb_row us_custom_e9a348a1 baner-img height_auto\"><div class=\"l-section-h i-cf\"><div class=\"g-cols vc_row via_flex valign_middle type_default stacking_default\"><div class=\"vc_col-sm-12 wpb_column vc_column_container\"><div class=\"vc_column-inner us_custom_3d728d4b\"><div class=\"wpb_wrapper\"><div class=\"wpb_text_column us_custom_8b3d6790 has_text_color\"><div class=\"wpb_wrapper\"><h1>Attraktionen<\/h1>\n<\/div><\/div><\/div><\/div><\/div><\/div><\/div><\/section><section class=\"l-section wpb_row us_custom_98c5a46a has_text_color height_medium\"><div class=\"l-section-h i-cf\"><div class=\"g-cols vc_row via_flex valign_top type_default stacking_default\"><div class=\"vc_col-sm-12 wpb_column vc_column_container\"><div class=\"vc_column-inner\"><div class=\"wpb_wrapper\"><div class=\"wpb_text_column\"><div class=\"wpb_wrapper\"><h2>SEE BIA\u0141E &#8211; BUCHT TARTACZNA<\/h2>\n<\/div><\/div><div class=\"w-grid atrkacje-karuzela type_grid layout_191 cols_6 ratio_1x1\" id=\"us_grid_1\" data-filterable=\"true\"><style>#us_grid_1 .w-grid-item{padding:12.5px}#us_grid_1 .w-grid-list{margin:-12.5px}.w-grid + #us_grid_1 .w-grid-list,.w-grid-none + #us_grid_1 .w-grid-list{margin-top:12.5px}@media (max-width:1199px){#us_grid_1 .w-grid-item{width:33.3333%}#us_grid_1 .w-grid-item.size_2x1,#us_grid_1 .w-grid-item.size_2x2{width:66.6667%}}@media (max-width:899px){#us_grid_1 .w-grid-item{width:33.3333%}#us_grid_1 .w-grid-item.size_2x1,#us_grid_1 .w-grid-item.size_2x2{width:66.6667%}}@media (max-width:599px){#us_grid_1 .w-grid-item{width:50%}#us_grid_1 .w-grid-item.size_2x1,#us_grid_1 .w-grid-item.size_2x2{width:100%}}.layout_191 .w-grid-item-h:before{padding-bottom:100%}@media (min-width:600px){.layout_191 .w-grid-item.size_1x2 .w-grid-item-h:before{padding-bottom:calc(200% + 12.5px + 12.5px)}.layout_191 .w-grid-item.size_2x1 .w-grid-item-h:before{padding-bottom:calc(50% - 12.5px * 1)}.layout_191 .w-grid-item.size_2x2 .w-grid-item-h:before{padding-bottom:calc(100% - 12.5px * 0)}}.layout_191 .w-grid-item-h{background:var(--color-header-middle-bg);border-radius:1rem}.layout_191 .usg_vwrapper_1{width:100%!important;position:absolute!important}.layout_191 .usg_post_title_1{color:#000000!important;font-size:1rem!important;font-weight:400!important}.layout_191 .usg_post_image_1{width:max-width!important;margin-left:auto!important;margin-right:auto!important}<\/style><div class=\"w-grid-list\">\t<article class=\"w-grid-item size_1x1 post-1527 aktracje type-aktracje status-publish has-post-thumbnail hentry\" data-id=\"1527\">\r\n\t\t<div class=\"w-grid-item-h\">\r\n\t\t\t\t\t\t<div class=\"w-vwrapper usg_vwrapper_1 align_center valign_middle\"><div class=\"w-post-elm post_image usg_post_image_1 has_width stretched\"><img decoding=\"async\" width=\"60\" height=\"60\" src=\"https:\/\/ptasiazatoka.gogler.info\/wp-content\/uploads\/2023\/02\/AdobeStock_526109747-1.png\" class=\"attachment-large size-large wp-post-image\" alt=\"\" \/><\/div><h3 class=\"w-post-elm post_title usg_post_title_1 has_text_color entry-title color_link_inherit\">Sauna auf Wasser<\/h3><\/div>\t\t<\/div>\r\n\t<\/article>\r\n\t<article class=\"w-grid-item size_1x1 post-1524 aktracje type-aktracje status-publish has-post-thumbnail hentry\" data-id=\"1524\">\r\n\t\t<div class=\"w-grid-item-h\">\r\n\t\t\t\t\t\t<div class=\"w-vwrapper usg_vwrapper_1 align_center valign_middle\"><div class=\"w-post-elm post_image usg_post_image_1 has_width stretched\"><img decoding=\"async\" width=\"60\" height=\"60\" src=\"https:\/\/ptasiazatoka.gogler.info\/wp-content\/uploads\/2023\/02\/AdobeStock_462602125-ai.png\" class=\"attachment-large size-large wp-post-image\" alt=\"\" \/><\/div><h3 class=\"w-post-elm post_title usg_post_title_1 has_text_color entry-title color_link_inherit\">Whirlpool ganzj\u00e4hrig<\/h3><\/div>\t\t<\/div>\r\n\t<\/article>\r\n\t<article class=\"w-grid-item size_1x1 post-1521 aktracje type-aktracje status-publish has-post-thumbnail hentry\" data-id=\"1521\">\r\n\t\t<div class=\"w-grid-item-h\">\r\n\t\t\t\t\t\t<div class=\"w-vwrapper usg_vwrapper_1 align_center valign_middle\"><div class=\"w-post-elm post_image usg_post_image_1 has_width stretched\"><img decoding=\"async\" width=\"60\" height=\"60\" src=\"https:\/\/ptasiazatoka.gogler.info\/wp-content\/uploads\/2023\/03\/AdobeStock_557788050-1.png\" class=\"attachment-large size-large wp-post-image\" alt=\"\" \/><\/div><h3 class=\"w-post-elm post_title usg_post_title_1 has_text_color entry-title color_link_inherit\">Br\u00fccke<\/h3><\/div>\t\t<\/div>\r\n\t<\/article>\r\n\t<article class=\"w-grid-item size_1x1 post-1518 aktracje type-aktracje status-publish has-post-thumbnail hentry\" data-id=\"1518\">\r\n\t\t<div class=\"w-grid-item-h\">\r\n\t\t\t\t\t\t<div class=\"w-vwrapper usg_vwrapper_1 align_center valign_middle\"><div class=\"w-post-elm post_image usg_post_image_1 has_width stretched\"><img decoding=\"async\" width=\"60\" height=\"60\" src=\"https:\/\/ptasiazatoka.gogler.info\/wp-content\/uploads\/2023\/03\/AdobeStock_541488469-1.png\" class=\"attachment-large size-large wp-post-image\" alt=\"\" \/><\/div><h3 class=\"w-post-elm post_title usg_post_title_1 has_text_color entry-title color_link_inherit\">Grill<\/h3><\/div>\t\t<\/div>\r\n\t<\/article>\r\n\t<article class=\"w-grid-item size_1x1 post-1513 aktracje type-aktracje status-publish has-post-thumbnail hentry\" data-id=\"1513\">\r\n\t\t<div class=\"w-grid-item-h\">\r\n\t\t\t\t\t\t<div class=\"w-vwrapper usg_vwrapper_1 align_center valign_middle\"><div class=\"w-post-elm post_image usg_post_image_1 has_width stretched\"><img decoding=\"async\" width=\"60\" height=\"60\" src=\"https:\/\/ptasiazatoka.gogler.info\/wp-content\/uploads\/2023\/03\/AdobeStock_548975028-1.png\" class=\"attachment-large size-large wp-post-image\" alt=\"\" \/><\/div><h3 class=\"w-post-elm post_title usg_post_title_1 has_text_color entry-title color_link_inherit\">Fischereigebiet<\/h3><\/div>\t\t<\/div>\r\n\t<\/article>\r\n\t<article class=\"w-grid-item size_1x1 post-1515 aktracje type-aktracje status-publish has-post-thumbnail hentry\" data-id=\"1515\">\r\n\t\t<div class=\"w-grid-item-h\">\r\n\t\t\t\t\t\t<div class=\"w-vwrapper usg_vwrapper_1 align_center valign_middle\"><div class=\"w-post-elm post_image usg_post_image_1 has_width stretched\"><img decoding=\"async\" width=\"60\" height=\"60\" src=\"https:\/\/ptasiazatoka.gogler.info\/wp-content\/uploads\/2023\/03\/AdobeStock_511533002.jpg\" class=\"attachment-large size-large wp-post-image\" alt=\"\" \/><\/div><h3 class=\"w-post-elm post_title usg_post_title_1 has_text_color entry-title color_link_inherit\">Terrasse<\/h3><\/div>\t\t<\/div>\r\n\t<\/article>\r\n<\/div><div class=\"w-grid-preloader\"><div class=\"g-preloader type_1\">\r\n\t<div><\/div>\r\n<\/div>\r\n<\/div>\t<div class=\"w-grid-json hidden\" onclick='return {&quot;action&quot;:&quot;us_ajax_grid&quot;,&quot;ajax_url&quot;:&quot;https:\\\/\\\/ptasiazatoka.gogler.info\\\/wp-admin\\\/admin-ajax.php&quot;,&quot;infinite_scroll&quot;:0,&quot;max_num_pages&quot;:1,&quot;pagination&quot;:&quot;none&quot;,&quot;permalink_url&quot;:&quot;https:\\\/\\\/ptasiazatoka.gogler.info\\\/de\\\/wp-json\\\/wp\\\/v2\\\/pages\\\/1503\\\/&quot;,&quot;template_vars&quot;:{&quot;columns&quot;:&quot;6&quot;,&quot;exclude_items&quot;:&quot;none&quot;,&quot;img_size&quot;:&quot;default&quot;,&quot;ignore_items_size&quot;:0,&quot;items_layout&quot;:&quot;191&quot;,&quot;items_offset&quot;:&quot;1&quot;,&quot;load_animation&quot;:&quot;none&quot;,&quot;overriding_link&quot;:&quot;none&quot;,&quot;post_id&quot;:1503,&quot;query_args&quot;:{&quot;post_type&quot;:[&quot;aktracje&quot;],&quot;post_status&quot;:[&quot;publish&quot;,&quot;pending&quot;,&quot;acf-disabled&quot;,&quot;pending-user&quot;,&quot;pending-payment&quot;,&quot;abandoned&quot;,&quot;confirmed&quot;,&quot;cancelled&quot;,&quot;mphb-p-pending&quot;,&quot;mphb-p-completed&quot;,&quot;mphb-p-failed&quot;,&quot;mphb-p-abandoned&quot;,&quot;mphb-p-on-hold&quot;,&quot;mphb-p-refunded&quot;,&quot;mphb-p-cancelled&quot;],&quot;posts_per_page&quot;:&quot;99&quot;},&quot;orderby_query_args&quot;:{&quot;orderby&quot;:{&quot;date&quot;:&quot;ASC&quot;}},&quot;type&quot;:&quot;grid&quot;,&quot;us_grid_ajax_index&quot;:1,&quot;us_grid_filter_params&quot;:null,&quot;us_grid_index&quot;:1,&quot;_us_grid_post_type&quot;:&quot;aktracje&quot;,&quot;lang&quot;:&quot;de&quot;}}'><\/div>\r\n\t<\/div><\/div><\/div><\/div><\/div><\/div><\/section><section class=\"l-section wpb_row height_medium\"><div class=\"l-section-h i-cf\"><div class=\"g-cols vc_row via_flex valign_top type_default stacking_default\"><div class=\"vc_col-sm-12 wpb_column vc_column_container\"><div class=\"vc_column-inner\"><div class=\"wpb_wrapper\"><div class=\"wpb_text_column edited-list\"><div class=\"wpb_wrapper\"><p>Die Gegend um August\u00f3w und den August\u00f3w-Urwald ist als die gr\u00fcne Lunge Polens bekannt. Es gibt Attraktionen f\u00fcr alle Altersgruppen, von Kleinkindern bis zu Senioren. Wir haben viele Vorschl\u00e4ge f\u00fcr diejenigen, die sich gerne entspannen, und f\u00fcr diejenigen, die ihre Zeit lieber aktiv verbringen m\u00f6chten.<\/p>\n<p>Was und Wo Leitfaden<\/p>\n<ul>\n<li>N\u00e4chstes Gesch\u00e4ft &#8211; rechts abbiegen und 400 m laufen &#8211; Sklep Spo\u0142em oder Biedronka 4,2 km ul. Sucharskiego 2<\/li>\n<li>Fahrradverleih &#8211; Tel.: 604256750<\/li>\n<li>Camp Zatoka Wassersportger\u00e4teverleih &#8211; links abbiegen und 300 m laufen<\/li>\n<li>Geldautomat &#8211; 5,2 km Wojska Polskiego Stra\u00dfe 53<\/li>\n<li>Empfohlenes Restaurant &#8211; biegen Sie rechts ab und gehen Sie am See entlang 1 km bis zum Fischrestaurant 7 Turystyczna Stra\u00dfe<\/li>\n<li>Permit &#8211; Angeln &#8211; rechts abbiegen und 1 km am See entlang bis zum Fischrestaurant 7 Turystyczna Street laufen<\/li>\n<\/ul>\n<\/div><\/div><div class=\"w-image align_center\"><div class=\"w-image-h\"><img decoding=\"async\" width=\"1600\" height=\"525\" src=\"https:\/\/ptasiazatoka.gogler.info\/wp-content\/uploads\/2023\/02\/atrakcje.jpg\" class=\"attachment-full size-full\" alt=\"\" srcset=\"https:\/\/ptasiazatoka.gogler.info\/wp-content\/uploads\/2023\/02\/atrakcje.jpg 1600w, https:\/\/ptasiazatoka.gogler.info\/wp-content\/uploads\/2023\/02\/atrakcje-300x98.jpg 300w, https:\/\/ptasiazatoka.gogler.info\/wp-content\/uploads\/2023\/02\/atrakcje-1024x336.jpg 1024w\" sizes=\"(max-width: 1600px) 100vw, 1600px\" \/><\/div><\/div><\/div><\/div><\/div><\/div><\/div><\/section>\n","protected":false},"excerpt":{"rendered":"","protected":false},"author":1,"featured_media":0,"parent":0,"menu_order":0,"comment_status":"closed","ping_status":"closed","template":"","meta":{"_acf_changed":false,"footnotes":""},"acf":[],"_links":{"self":[{"href":"https:\/\/ptasiazatoka.gogler.info\/de\/wp-json\/wp\/v2\/pages\/1503"}],"collection":[{"href":"https:\/\/ptasiazatoka.gogler.info\/de\/wp-json\/wp\/v2\/pages"}],"about":[{"href":"https:\/\/ptasiazatoka.gogler.info\/de\/wp-json\/wp\/v2\/types\/page"}],"author":[{"embeddable":true,"href":"https:\/\/ptasiazatoka.gogler.info\/de\/wp-json\/wp\/v2\/users\/1"}],"replies":[{"embeddable":true,"href":"https:\/\/ptasiazatoka.gogler.info\/de\/wp-json\/wp\/v2\/comments?post=1503"}],"version-history":[{"count":3,"href":"https:\/\/ptasiazatoka.gogler.info\/de\/wp-json\/wp\/v2\/pages\/1503\/revisions"}],"predecessor-version":[{"id":1592,"href":"https:\/\/ptasiazatoka.gogler.info\/de\/wp-json\/wp\/v2\/pages\/1503\/revisions\/1592"}],"wp:attachment":[{"href":"https:\/\/ptasiazatoka.gogler.info\/de\/wp-json\/wp\/v2\/media?parent=1503"}],"curies":[{"name":"wp","href":"https:\/\/api.w.org\/{rel}","templated":true}]}}